{"id":237,"date":"2023-10-10T11:01:39","date_gmt":"2023-10-10T14:01:39","guid":{"rendered":"http:\/\/localhost\/duda\/delthawind\/?page_id=237"},"modified":"2023-10-19T08:58:00","modified_gmt":"2023-10-19T11:58:00","slug":"work-with-us","status":"publish","type":"page","link":"https:\/\/delthawind.com\/es\/work-with-us\/","title":{"rendered":"Trabalhe Conosco"},"content":{"rendered":"\t\t<div data-elementor-type=\"wp-page\" data-elementor-id=\"237\" class=\"elementor elementor-237\" data-elementor-post-type=\"page\">\n\t\t\t\t\t\t<section class=\"elementor-section elementor-top-section elementor-element elementor-element-99e6824 elementor-section-height-min-height elementor-section-items-bottom elementor-section-boxed elementor-section-height-default\" data-id=\"99e6824\" data-element_type=\"section\" data-settings=\"{&quot;background_background&quot;:&quot;gradient&quot;}\">\n\t\t\t\t\t\t<div class=\"elementor-container elementor-column-gap-default\">\n\t\t\t\t\t<div class=\"elementor-column elementor-col-100 elementor-top-column elementor-element elementor-element-bc948f9\" data-id=\"bc948f9\" data-element_type=\"column\">\n\t\t\t<div class=\"elementor-widget-wrap elementor-element-populated\">\n\t\t\t\t\t\t<div class=\"elementor-element elementor-element-2047960 elementor-widget elementor-widget-heading\" data-id=\"2047960\" data-element_type=\"widget\" data-widget_type=\"heading.default\">\n\t\t\t\t<div class=\"elementor-widget-container\">\n\t\t\t<h2 class=\"elementor-heading-title elementor-size-default\">Trabaja con nosotros<\/h2>\t\t<\/div>\n\t\t\t\t<\/div>\n\t\t\t\t\t<\/div>\n\t\t<\/div>\n\t\t\t\t\t<\/div>\n\t\t<\/section>\n\t\t\t\t<section class=\"elementor-section elementor-top-section elementor-element elementor-element-e0ad107 elementor-section-height-min-height elementor-section-boxed elementor-section-height-default elementor-section-items-middle\" data-id=\"e0ad107\" data-element_type=\"section\" data-settings=\"{&quot;background_background&quot;:&quot;classic&quot;}\">\n\t\t\t\t\t\t<div class=\"elementor-container elementor-column-gap-default\">\n\t\t\t\t\t<div class=\"elementor-column elementor-col-100 elementor-top-column elementor-element elementor-element-08ca570\" data-id=\"08ca570\" data-element_type=\"column\">\n\t\t\t<div class=\"elementor-widget-wrap elementor-element-populated\">\n\t\t\t\t\t\t<div class=\"elementor-element elementor-element-cc5cb48 elementor-widget elementor-widget-heading\" data-id=\"cc5cb48\" data-element_type=\"widget\" data-widget_type=\"heading.default\">\n\t\t\t\t<div class=\"elementor-widget-container\">\n\t\t\t<h2 class=\"elementor-heading-title elementor-size-default\">\u00a1Ven a trabajar con nosotros en una empresa s\u00f3lida con m\u00e1s de 20 a\u00f1os en el mercado y s\u00e9 parte de una revoluci\u00f3n sustentable! Estamos buscando personas talentosas y apasionadas que quieran contribuir a construir un futuro m\u00e1s limpio y verde.<\/h2>\t\t<\/div>\n\t\t\t\t<\/div>\n\t\t\t\t<div class=\"elementor-element elementor-element-8235ad9 eael-contact-form-7-button-align-center eael-contact-form-7-button-custom elementor-widget elementor-widget-eael-contact-form-7\" data-id=\"8235ad9\" data-element_type=\"widget\" data-widget_type=\"eael-contact-form-7.default\">\n\t\t\t\t<div class=\"elementor-widget-container\">\n\t\t\t<div class=\"eael-contact-form-7-wrapper\">\n                <div class=\"eael-contact-form eael-contact-form-7 eael-contact-form-8235ad9 placeholder-show eael-contact-form-align-default\">\n<div class=\"wpcf7 no-js\" id=\"wpcf7-f428-o1\" lang=\"pt-BR\" dir=\"ltr\">\n<div class=\"screen-reader-response\"><p role=\"status\" aria-live=\"polite\" aria-atomic=\"true\"><\/p> <ul><\/ul><\/div>\n<form action=\"\/es\/wp-json\/wp\/v2\/pages\/237#wpcf7-f428-o1\" method=\"post\" class=\"wpcf7-form init\" aria-label=\"Formul\u00e1rios de contato\" enctype=\"multipart\/form-data\" novalidate=\"novalidate\" data-status=\"init\">\n<div style=\"display: none;\">\n<input type=\"hidden\" name=\"_wpcf7\" value=\"428\" \/>\n<input type=\"hidden\" name=\"_wpcf7_version\" value=\"5.8.1\" \/>\n<input type=\"hidden\" name=\"_wpcf7_locale\" value=\"pt_BR\" \/>\n<input type=\"hidden\" name=\"_wpcf7_unit_tag\" value=\"wpcf7-f428-o1\" \/>\n<input type=\"hidden\" name=\"_wpcf7_container_post\" value=\"0\" \/>\n<input type=\"hidden\" name=\"_wpcf7_posted_data_hash\" value=\"\" \/>\n<input type=\"hidden\" name=\"_wpcf7_recaptcha_response\" value=\"\" \/>\n<\/div>\n<p><label> Nombre <span class=\"wpcf7-form-control-wrap\" data-name=\"your-name\"><input size=\"40\" class=\"wpcf7-form-control wpcf7-text wpcf7-validates-as-required\" autocomplete=\"name\" aria-required=\"true\" aria-invalid=\"false\" value=\"\" type=\"text\" name=\"your-name\" \/><\/span> <\/label>\n<\/p>\n<p><label> E-mail<br \/>\n<span class=\"wpcf7-form-control-wrap\" data-name=\"your-email\"><input size=\"40\" class=\"wpcf7-form-control wpcf7-email wpcf7-validates-as-required wpcf7-text wpcf7-validates-as-email\" autocomplete=\"email\" aria-required=\"true\" aria-invalid=\"false\" value=\"\" type=\"email\" name=\"your-email\" \/><\/span> <\/label>\n<\/p>\n<p><label> Tel\u00e9fono<br \/>\n<span class=\"wpcf7-form-control-wrap\" data-name=\"your-phone\"><input size=\"40\" class=\"wpcf7-form-control wpcf7-text wpcf7-validates-as-required\" aria-required=\"true\" aria-invalid=\"false\" value=\"\" type=\"text\" name=\"your-phone\" \/><\/span> <\/label>\n<\/p>\n<p><label> Asunto<br \/>\n<span class=\"wpcf7-form-control-wrap\" data-name=\"your-subject\"><input size=\"40\" class=\"wpcf7-form-control wpcf7-text wpcf7-validates-as-required\" aria-required=\"true\" aria-invalid=\"false\" value=\"\" type=\"text\" name=\"your-subject\" \/><\/span> <\/label>\n<\/p>\n<p><label> Mensaje<br \/>\n<span class=\"wpcf7-form-control-wrap\" data-name=\"your-message\"><textarea cols=\"40\" rows=\"10\" class=\"wpcf7-form-control wpcf7-textarea\" aria-invalid=\"false\" name=\"your-message\"><\/textarea><\/span> <\/label>\n<\/p>\n<p><label>Enviar documento (Doc, PDF)<br \/>\n<span class=\"wpcf7-form-control-wrap\" data-name=\"your-file\"><input size=\"40\" class=\"wpcf7-form-control wpcf7-file\" accept=\"audio\/*,video\/*,image\/*\" aria-invalid=\"false\" type=\"file\" name=\"your-file\" \/><\/span><br \/>\n<\/label>\n<\/p>\n<p><input class=\"wpcf7-form-control wpcf7-submit has-spinner\" type=\"submit\" value=\"Enviar\" \/>\n<\/p><div class=\"wpcf7-response-output\" aria-hidden=\"true\"><\/div>\n<\/form>\n<\/div>\n<\/div>\n            <\/div>\t\t<\/div>\n\t\t\t\t<\/div>\n\t\t\t\t\t<\/div>\n\t\t<\/div>\n\t\t\t\t\t<\/div>\n\t\t<\/section>\n\t\t\t\t<section class=\"elementor-section elementor-top-section elementor-element elementor-element-8776d66 elementor-section-full_width elementor-section-height-default elementor-section-height-default\" data-id=\"8776d66\" data-element_type=\"section\">\n\t\t\t\t\t\t<div class=\"elementor-container elementor-column-gap-default\">\n\t\t\t\t\t<div class=\"elementor-column elementor-col-100 elementor-top-column elementor-element elementor-element-ec9720d\" data-id=\"ec9720d\" data-element_type=\"column\">\n\t\t\t<div class=\"elementor-widget-wrap elementor-element-populated\">\n\t\t\t\t\t\t<div class=\"elementor-element elementor-element-2efe3a8 elementor-widget elementor-widget-google_maps\" data-id=\"2efe3a8\" data-element_type=\"widget\" data-widget_type=\"google_maps.default\">\n\t\t\t\t<div class=\"elementor-widget-container\">\n\t\t\t\t\t<div class=\"elementor-custom-embed\">\n\t\t\t<iframe loading=\"lazy\"\n\t\t\t\t\tsrc=\"https:\/\/maps.google.com\/maps?q=18078-005&#038;t=m&#038;z=16&#038;output=embed&#038;iwloc=near\"\n\t\t\t\t\ttitle=\"18078-005\"\n\t\t\t\t\taria-label=\"18078-005\"\n\t\t\t><\/iframe>\n\t\t<\/div>\n\t\t\t\t<\/div>\n\t\t\t\t<\/div>\n\t\t\t\t\t<\/div>\n\t\t<\/div>\n\t\t\t\t\t<\/div>\n\t\t<\/section>\n\t\t\t\t<\/div>\n\t\t","protected":false},"excerpt":{"rendered":"<p>Trabaja con nosotros \u00a1Ven a trabajar con nosotros en una empresa s\u00f3lida con m\u00e1s de 20 a\u00f1os en el mercado y s\u00e9 parte de una revoluci\u00f3n sustentable! Estamos buscando personas talentosas y apasionadas que quieran contribuir a construir un futuro m\u00e1s limpio y verde. Nombre E-mail Tel\u00e9fono Asunto Mensaje Enviar documento (Doc, PDF)<\/p>\n","protected":false},"author":1,"featured_media":0,"parent":0,"menu_order":0,"comment_status":"closed","ping_status":"closed","template":"","meta":{"_acf_changed":false,"footnotes":""},"class_list":["post-237","page","type-page","status-publish","hentry"],"acf":[],"yoast_head":"<!-- This site is optimized with the Yoast SEO plugin v21.5 - https:\/\/yoast.com\/wordpress\/plugins\/seo\/ -->\n<title>Trabalhe Conosco - Deltha Wind<\/title>\n<meta name=\"robots\" content=\"index, follow, max-snippet:-1, max-image-preview:large, max-video-preview:-1\" \/>\n<link rel=\"canonical\" href=\"https:\/\/delthawind.com\/es\/work-with-us\/\" \/>\n<meta property=\"og:locale\" content=\"pt_BR\" \/>\n<meta property=\"og:type\" content=\"article\" \/>\n<meta property=\"og:title\" content=\"Trabalhe Conosco - Deltha Wind\" \/>\n<meta property=\"og:description\" content=\"Trabaja con nosotros \u00a1Ven a trabajar con nosotros en una empresa s\u00f3lida con m\u00e1s de 20 a\u00f1os en el mercado y s\u00e9 parte de una revoluci\u00f3n sustentable! Estamos buscando personas talentosas y apasionadas que quieran contribuir a construir un futuro m\u00e1s limpio y verde. Nombre E-mail Tel\u00e9fono Asunto Mensaje Enviar documento (Doc, PDF)\" \/>\n<meta property=\"og:url\" content=\"https:\/\/delthawind.com\/es\/work-with-us\/\" \/>\n<meta property=\"og:site_name\" content=\"Deltha Wind\" \/>\n<meta property=\"article:modified_time\" content=\"2023-10-19T11:58:00+00:00\" \/>\n<meta property=\"og:image\" content=\"https:\/\/delthawind.com\/es\/wp-content\/uploads\/2023\/10\/paisagem-ensolarada-com-moinhos-de-vento.jpg\" \/>\n\t<meta property=\"og:image:width\" content=\"1920\" \/>\n\t<meta property=\"og:image:height\" content=\"1276\" \/>\n\t<meta property=\"og:image:type\" content=\"image\/jpeg\" \/>\n<meta name=\"twitter:card\" content=\"summary_large_image\" \/>\n<script type=\"application\/ld+json\" class=\"yoast-schema-graph\">{\"@context\":\"https:\/\/schema.org\",\"@graph\":[{\"@type\":\"WebPage\",\"@id\":\"https:\/\/delthawind.com\/es\/work-with-us\/\",\"url\":\"https:\/\/delthawind.com\/es\/work-with-us\/\",\"name\":\"Trabalhe Conosco - Deltha Wind\",\"isPartOf\":{\"@id\":\"https:\/\/delthawind.com\/es\/#website\"},\"datePublished\":\"2023-10-10T14:01:39+00:00\",\"dateModified\":\"2023-10-19T11:58:00+00:00\",\"breadcrumb\":{\"@id\":\"https:\/\/delthawind.com\/es\/work-with-us\/#breadcrumb\"},\"inLanguage\":\"pt-BR\",\"potentialAction\":[{\"@type\":\"ReadAction\",\"target\":[\"https:\/\/delthawind.com\/es\/work-with-us\/\"]}]},{\"@type\":\"BreadcrumbList\",\"@id\":\"https:\/\/delthawind.com\/es\/work-with-us\/#breadcrumb\",\"itemListElement\":[{\"@type\":\"ListItem\",\"position\":1,\"name\":\"Home\",\"item\":\"https:\/\/delthawind.com\/es\/\"},{\"@type\":\"ListItem\",\"position\":2,\"name\":\"Trabalhe Conosco\"}]},{\"@type\":\"WebSite\",\"@id\":\"https:\/\/delthawind.com\/es\/#website\",\"url\":\"https:\/\/delthawind.com\/es\/\",\"name\":\"Deltha Wind\",\"description\":\"Deltha Wind es una empresa dedicada a brindar soluciones eficientes para la industria e\u00f3lica. Nuestros servicios de alta calidad garantizan que las turbinas e\u00f3licas funcionen de manera eficiente y confiable.\",\"potentialAction\":[{\"@type\":\"SearchAction\",\"target\":{\"@type\":\"EntryPoint\",\"urlTemplate\":\"https:\/\/delthawind.com\/es\/?s={search_term_string}\"},\"query-input\":\"required name=search_term_string\"}],\"inLanguage\":\"pt-BR\"}]}<\/script>\n<!-- \/ Yoast SEO plugin. -->","yoast_head_json":{"title":"Trabalhe Conosco - Deltha Wind","robots":{"index":"index","follow":"follow","max-snippet":"max-snippet:-1","max-image-preview":"max-image-preview:large","max-video-preview":"max-video-preview:-1"},"canonical":"https:\/\/delthawind.com\/es\/work-with-us\/","og_locale":"pt_BR","og_type":"article","og_title":"Trabalhe Conosco - Deltha Wind","og_description":"Trabaja con nosotros \u00a1Ven a trabajar con nosotros en una empresa s\u00f3lida con m\u00e1s de 20 a\u00f1os en el mercado y s\u00e9 parte de una revoluci\u00f3n sustentable! Estamos buscando personas talentosas y apasionadas que quieran contribuir a construir un futuro m\u00e1s limpio y verde. Nombre E-mail Tel\u00e9fono Asunto Mensaje Enviar documento (Doc, PDF)","og_url":"https:\/\/delthawind.com\/es\/work-with-us\/","og_site_name":"Deltha Wind","article_modified_time":"2023-10-19T11:58:00+00:00","og_image":[{"width":1920,"height":1276,"url":"https:\/\/delthawind.com\/es\/wp-content\/uploads\/2023\/10\/paisagem-ensolarada-com-moinhos-de-vento.jpg","type":"image\/jpeg"}],"twitter_card":"summary_large_image","schema":{"@context":"https:\/\/schema.org","@graph":[{"@type":"WebPage","@id":"https:\/\/delthawind.com\/es\/work-with-us\/","url":"https:\/\/delthawind.com\/es\/work-with-us\/","name":"Trabalhe Conosco - Deltha Wind","isPartOf":{"@id":"https:\/\/delthawind.com\/es\/#website"},"datePublished":"2023-10-10T14:01:39+00:00","dateModified":"2023-10-19T11:58:00+00:00","breadcrumb":{"@id":"https:\/\/delthawind.com\/es\/work-with-us\/#breadcrumb"},"inLanguage":"pt-BR","potentialAction":[{"@type":"ReadAction","target":["https:\/\/delthawind.com\/es\/work-with-us\/"]}]},{"@type":"BreadcrumbList","@id":"https:\/\/delthawind.com\/es\/work-with-us\/#breadcrumb","itemListElement":[{"@type":"ListItem","position":1,"name":"Home","item":"https:\/\/delthawind.com\/es\/"},{"@type":"ListItem","position":2,"name":"Trabalhe Conosco"}]},{"@type":"WebSite","@id":"https:\/\/delthawind.com\/es\/#website","url":"https:\/\/delthawind.com\/es\/","name":"Deltha Wind","description":"Deltha Wind es una empresa dedicada a brindar soluciones eficientes para la industria e\u00f3lica. Nuestros servicios de alta calidad garantizan que las turbinas e\u00f3licas funcionen de manera eficiente y confiable.","potentialAction":[{"@type":"SearchAction","target":{"@type":"EntryPoint","urlTemplate":"https:\/\/delthawind.com\/es\/?s={search_term_string}"},"query-input":"required name=search_term_string"}],"inLanguage":"pt-BR"}]}},"_links":{"self":[{"href":"https:\/\/delthawind.com\/es\/wp-json\/wp\/v2\/pages\/237","targetHints":{"allow":["GET"]}}],"collection":[{"href":"https:\/\/delthawind.com\/es\/wp-json\/wp\/v2\/pages"}],"about":[{"href":"https:\/\/delthawind.com\/es\/wp-json\/wp\/v2\/types\/page"}],"author":[{"embeddable":true,"href":"https:\/\/delthawind.com\/es\/wp-json\/wp\/v2\/users\/1"}],"replies":[{"embeddable":true,"href":"https:\/\/delthawind.com\/es\/wp-json\/wp\/v2\/comments?post=237"}],"version-history":[{"count":11,"href":"https:\/\/delthawind.com\/es\/wp-json\/wp\/v2\/pages\/237\/revisions"}],"predecessor-version":[{"id":431,"href":"https:\/\/delthawind.com\/es\/wp-json\/wp\/v2\/pages\/237\/revisions\/431"}],"wp:attachment":[{"href":"https:\/\/delthawind.com\/es\/wp-json\/wp\/v2\/media?parent=237"}],"curies":[{"name":"wp","href":"https:\/\/api.w.org\/{rel}","templated":true}]}}